{"id":748,"date":"2021-10-16T06:05:52","date_gmt":"2021-10-16T06:05:52","guid":{"rendered":"https:\/\/lopixel.com\/nosaltres\/"},"modified":"2021-10-16T06:09:40","modified_gmt":"2021-10-16T06:09:40","slug":"nosaltres","status":"publish","type":"page","link":"https:\/\/lopixel.com\/es\/nosaltres\/","title":{"rendered":"Sobre nosotros"},"content":{"rendered":"\t\t<div data-elementor-type=\"wp-page\" data-elementor-id=\"748\" class=\"elementor elementor-748 elementor-58\">\n\t\t\t\t\t\t<section class=\"elementor-section elementor-top-section elementor-element elementor-element-51981d1 elementor-section-full_width elementor-section-stretched elementor-section-height-default elementor-section-height-default\" data-id=\"51981d1\" data-element_type=\"section\" data-settings=\"{&quot;stretch_section&quot;:&quot;section-stretched&quot;}\">\n\t\t\t\t\t\t<div class=\"elementor-container elementor-column-gap-no\">\n\t\t\t\t\t<div class=\"elementor-column elementor-col-50 elementor-top-column elementor-element elementor-element-7d23653\" data-id=\"7d23653\" data-element_type=\"column\">\n\t\t\t<div class=\"elementor-widget-wrap elementor-element-populated\">\n\t\t\t\t\t\t<div class=\"elementor-element elementor-element-12fc189 elementor-widget elementor-widget-image\" data-id=\"12fc189\" data-element_type=\"widget\" data-widget_type=\"image.default\">\n\t\t\t\t<div class=\"elementor-widget-container\">\n\t\t\t\t\t\t\t\t\t\t\t\t\t\t\t<img fetchpriority=\"high\" decoding=\"async\" width=\"1820\" height=\"1998\" src=\"https:\/\/lopixel.com\/wp-content\/uploads\/2021\/01\/idea.jpg\" class=\"attachment-full size-full wp-image-110\" alt=\"Nosaltres - Qui som\" srcset=\"https:\/\/lopixel.com\/wp-content\/uploads\/2021\/01\/idea.jpg 1820w, https:\/\/lopixel.com\/wp-content\/uploads\/2021\/01\/idea-273x300.jpg 273w, https:\/\/lopixel.com\/wp-content\/uploads\/2021\/01\/idea-933x1024.jpg 933w, https:\/\/lopixel.com\/wp-content\/uploads\/2021\/01\/idea-768x843.jpg 768w, https:\/\/lopixel.com\/wp-content\/uploads\/2021\/01\/idea-1399x1536.jpg 1399w, https:\/\/lopixel.com\/wp-content\/uploads\/2021\/01\/idea-700x768.jpg 700w\" sizes=\"(max-width: 1820px) 100vw, 1820px\" \/>\t\t\t\t\t\t\t\t\t\t\t\t\t\t\t<\/div>\n\t\t\t\t<\/div>\n\t\t\t\t\t<\/div>\n\t\t<\/div>\n\t\t\t\t<div class=\"elementor-column elementor-col-50 elementor-top-column elementor-element elementor-element-2201621\" data-id=\"2201621\" data-element_type=\"column\">\n\t\t\t<div class=\"elementor-widget-wrap elementor-element-populated\">\n\t\t\t\t\t\t<div class=\"elementor-element elementor-element-0907027 elementor-widget elementor-widget-text-editor\" data-id=\"0907027\" data-element_type=\"widget\" data-widget_type=\"text-editor.default\">\n\t\t\t\t<div class=\"elementor-widget-container\">\n\t\t\t\t\t\t\t\t\t<h2>Hola! No lo pienses m\u00e1s, contacta y nosotros la ponemos en marcha<\/h2>\t\t\t\t\t\t\t\t<\/div>\n\t\t\t\t<\/div>\n\t\t\t\t<div class=\"elementor-element elementor-element-6d46ad4 elementor-widget elementor-widget-text-editor\" data-id=\"6d46ad4\" data-element_type=\"widget\" data-widget_type=\"text-editor.default\">\n\t\t\t\t<div class=\"elementor-widget-container\">\n\t\t\t\t\t\t\t\t\tNosotros estamos aqu\u00ed para hacerla realidad.\nNo sabes c\u00f3mo acabar\u00e1 siendo tu logo?\nSon los colores m\u00e1s acertados?\nEl nombre del dominio para el sitio? \nEl alojamiento web?  Necesitar\u00e1s una tienda virtual?\nYlas redes sociales &#8230;\n\u00bfCu\u00e1les funcionan?\nLos contenidos, ser\u00e1n interesantes?\nTe haremos propuestas, lo haremos f\u00e1cil!\nNo te quedes s\u00f3lo con la idea, convi\u00e9rtela en realidad!\n\n<strong> Tus ideas nos importan y ver, que si tiene problemas o dudas, podemos ayudar nos hace felices. <\/strong>\t\t\t\t\t\t\t\t<\/div>\n\t\t\t\t<\/div>\n\t\t\t\t<div class=\"elementor-element elementor-element-17a2732 elementor-widget elementor-widget-button\" data-id=\"17a2732\" data-element_type=\"widget\" data-widget_type=\"button.default\">\n\t\t\t\t<div class=\"elementor-widget-container\">\n\t\t\t\t\t\t\t\t\t<div class=\"elementor-button-wrapper\">\n\t\t\t\t\t<a class=\"elementor-button elementor-button-link elementor-size-sm\" href=\"https:\/\/lopixel.com\/es\/contactar\/\">\n\t\t\t\t\t\t<span class=\"elementor-button-content-wrapper\">\n\t\t\t\t\t\t\t\t\t<span class=\"elementor-button-text\">Contacta con nosotros<\/span>\n\t\t\t\t\t<\/span>\n\t\t\t\t\t<\/a>\n\t\t\t\t<\/div>\n\t\t\t\t\t\t\t\t<\/div>\n\t\t\t\t<\/div>\n\t\t\t\t\t<\/div>\n\t\t<\/div>\n\t\t\t\t\t<\/div>\n\t\t<\/section>\n\t\t\t\t<section class=\"elementor-section elementor-top-section elementor-element elementor-element-7c5429e elementor-section-boxed elementor-section-height-default elementor-section-height-default\" data-id=\"7c5429e\" data-element_type=\"section\">\n\t\t\t\t\t\t<div class=\"elementor-container elementor-column-gap-default\">\n\t\t\t\t\t<div class=\"elementor-column elementor-col-100 elementor-top-column elementor-element elementor-element-fd505fc\" data-id=\"fd505fc\" data-element_type=\"column\">\n\t\t\t<div class=\"elementor-widget-wrap elementor-element-populated\">\n\t\t\t\t\t\t<div class=\"elementor-element elementor-element-e957ead elementor-widget elementor-widget-text-editor\" data-id=\"e957ead\" data-element_type=\"widget\" data-widget_type=\"text-editor.default\">\n\t\t\t\t<div class=\"elementor-widget-container\">\n\t\t\t\t\t\t\t\t\tLopixel lo formamos profesionales especializados en diferentes disciplinas, con m\u00e1s de 15 a\u00f1os de experiencia creando, comunicando y acompa\u00f1ando a nuestros clientes.\n\nOfrecemos un servicio integral de branding, dise\u00f1o gr\u00e1fico, desarrollo web y marketing online.\t\t\t\t\t\t\t\t<\/div>\n\t\t\t\t<\/div>\n\t\t\t\t\t<\/div>\n\t\t<\/div>\n\t\t\t\t\t<\/div>\n\t\t<\/section>\n\t\t\t\t<\/div>\n\t\t","protected":false},"excerpt":{"rendered":"<p>Hola! No lo pienses m\u00e1s, contacta y nosotros la ponemos en marcha Nosotros estamos aqu\u00ed para hacerla realidad. No sabes c\u00f3mo acabar\u00e1 siendo tu logo? Son los colores m\u00e1s acertados? El nombre del dominio para el sitio? El alojamiento web? Necesitar\u00e1s una tienda virtual? Ylas redes sociales &#8230; \u00bfCu\u00e1les funcionan? Los contenidos, ser\u00e1n interesantes? Te [&hellip;]<\/p>\n","protected":false},"author":1,"featured_media":0,"parent":0,"menu_order":0,"comment_status":"closed","ping_status":"closed","template":"elementor_header_footer","meta":{"site-sidebar-layout":"default","site-content-layout":"default","ast-site-content-layout":"","site-content-style":"default","site-sidebar-style":"default","ast-global-header-display":"","ast-banner-title-visibility":"","ast-main-header-display":"","ast-hfb-above-header-display":"","ast-hfb-below-header-display":"","ast-hfb-mobile-header-display":"","site-post-title":"","ast-breadcrumbs-content":"","ast-featured-img":"","footer-sml-layout":"","theme-transparent-header-meta":"default","adv-header-id-meta":"","stick-header-meta":"","header-above-stick-meta":"","header-main-stick-meta":"","header-below-stick-meta":"","astra-migrate-meta-layouts":"default","ast-page-background-enabled":"default","ast-page-background-meta":{"desktop":{"background-color":"var(--ast-global-color-4)","background-image":"","background-repeat":"repeat","background-position":"center center","background-size":"auto","background-attachment":"scroll","background-type":"","background-media":"","overlay-type":"","overlay-color":"","overlay-opacity":"","overlay-gradient":""},"tablet":{"background-color":"","background-image":"","background-repeat":"repeat","background-position":"center center","background-size":"auto","background-attachment":"scroll","background-type":"","background-media":"","overlay-type":"","overlay-color":"","overlay-opacity":"","overlay-gradient":""},"mobile":{"background-color":"","background-image":"","background-repeat":"repeat","background-position":"center center","background-size":"auto","background-attachment":"scroll","background-type":"","background-media":"","overlay-type":"","overlay-color":"","overlay-opacity":"","overlay-gradient":""}},"ast-content-background-meta":{"desktop":{"background-color":"var(--ast-global-color-5)","background-image":"","background-repeat":"repeat","background-position":"center center","background-size":"auto","background-attachment":"scroll","background-type":"","background-media":"","overlay-type":"","overlay-color":"","overlay-opacity":"","overlay-gradient":""},"tablet":{"background-color":"var(--ast-global-color-5)","background-image":"","background-repeat":"repeat","background-position":"center center","background-size":"auto","background-attachment":"scroll","background-type":"","background-media":"","overlay-type":"","overlay-color":"","overlay-opacity":"","overlay-gradient":""},"mobile":{"background-color":"var(--ast-global-color-5)","background-image":"","background-repeat":"repeat","background-position":"center center","background-size":"auto","background-attachment":"scroll","background-type":"","background-media":"","overlay-type":"","overlay-color":"","overlay-opacity":"","overlay-gradient":""}},"footnotes":""},"class_list":["post-748","page","type-page","status-publish","hentry"],"_links":{"self":[{"href":"https:\/\/lopixel.com\/es\/wp-json\/wp\/v2\/pages\/748","targetHints":{"allow":["GET"]}}],"collection":[{"href":"https:\/\/lopixel.com\/es\/wp-json\/wp\/v2\/pages"}],"about":[{"href":"https:\/\/lopixel.com\/es\/wp-json\/wp\/v2\/types\/page"}],"author":[{"embeddable":true,"href":"https:\/\/lopixel.com\/es\/wp-json\/wp\/v2\/users\/1"}],"replies":[{"embeddable":true,"href":"https:\/\/lopixel.com\/es\/wp-json\/wp\/v2\/comments?post=748"}],"version-history":[{"count":7,"href":"https:\/\/lopixel.com\/es\/wp-json\/wp\/v2\/pages\/748\/revisions"}],"predecessor-version":[{"id":755,"href":"https:\/\/lopixel.com\/es\/wp-json\/wp\/v2\/pages\/748\/revisions\/755"}],"wp:attachment":[{"href":"https:\/\/lopixel.com\/es\/wp-json\/wp\/v2\/media?parent=748"}],"curies":[{"name":"wp","href":"https:\/\/api.w.org\/{rel}","templated":true}]}}