{"id":834,"date":"2021-10-16T07:49:15","date_gmt":"2021-10-16T07:49:15","guid":{"rendered":"https:\/\/lopixel.com\/avis-legal\/"},"modified":"2025-01-30T08:16:17","modified_gmt":"2025-01-30T08:16:17","slug":"aviso-legal","status":"publish","type":"page","link":"https:\/\/lopixel.com\/es\/aviso-legal\/","title":{"rendered":"Aviso legal"},"content":{"rendered":"\t\t<div data-elementor-type=\"wp-page\" data-elementor-id=\"834\" class=\"elementor elementor-834 elementor-176\">\n\t\t\t\t\t\t<section class=\"elementor-section elementor-top-section elementor-element elementor-element-8bb3a02 elementor-section-boxed elementor-section-height-default elementor-section-height-default\" data-id=\"8bb3a02\" data-element_type=\"section\">\n\t\t\t\t\t\t<div class=\"elementor-container elementor-column-gap-default\">\n\t\t\t\t\t<div class=\"elementor-column elementor-col-100 elementor-top-column elementor-element elementor-element-77f3a5f\" data-id=\"77f3a5f\" data-element_type=\"column\">\n\t\t\t<div class=\"elementor-widget-wrap elementor-element-populated\">\n\t\t\t\t\t\t<div class=\"elementor-element elementor-element-3e32010 elementor-widget elementor-widget-spacer\" data-id=\"3e32010\" data-element_type=\"widget\" data-widget_type=\"spacer.default\">\n\t\t\t\t<div class=\"elementor-widget-container\">\n\t\t\t\t\t\t\t<div class=\"elementor-spacer\">\n\t\t\t<div class=\"elementor-spacer-inner\"><\/div>\n\t\t<\/div>\n\t\t\t\t\t\t<\/div>\n\t\t\t\t<\/div>\n\t\t\t\t<div class=\"elementor-element elementor-element-560a315 elementor-widget elementor-widget-heading\" data-id=\"560a315\" data-element_type=\"widget\" data-widget_type=\"heading.default\">\n\t\t\t\t<div class=\"elementor-widget-container\">\n\t\t\t\t\t<h1 class=\"elementor-heading-title elementor-size-default\">AV\u00cdS LEGAL<\/h1>\t\t\t\t<\/div>\n\t\t\t\t<\/div>\n\t\t\t\t<div class=\"elementor-element elementor-element-fc70105 elementor-widget elementor-widget-text-editor\" data-id=\"fc70105\" data-element_type=\"widget\" data-widget_type=\"text-editor.default\">\n\t\t\t\t<div class=\"elementor-widget-container\">\n\t\t\t\t\t\t\t\t\t<h3>I. INFORMACI\u00d3 GENERAL<\/h3><p>En compliment amb el deure d&#8217;informaci\u00f3 que disposa la Llei 34\/2002 de Serveis de la Societat de la Informaci\u00f3 i el Comer\u00e7 Electr\u00f2nic (LSSI-CE) de 11 de juliol, es faciliten a continuaci\u00f3 les seg\u00fcents dades d&#8217;informaci\u00f3 general d&#8217;aquest lloc web :<br \/>La titularitat d&#8217;aquest lloc web, lopixel.com, (en endavant, lloc web) l&#8217;ostenta: EVENTIUM CONSULTING SL, prove\u00efda de NIF: B43969740 i inscrita en: Reg. Merantil de Tarragona amb les seg\u00fcents dades registrals: Presentaci\u00f3 1\/58 \/ 9.657. Foli 1520, el representant \u00e9s: Isabel Ferrer Espin, i els dades de contacte s\u00f3n:<br \/>Direcci\u00f3: Rovira i Virgili, 6 &#8211; 43002 Tarragona<br \/>Tel\u00e8fon de contacte: 650.658.165<br \/>E-mail de contacte: info@lopixel.com<\/p><h3>II. TERMES I CONDICIONS GENERALS D&#8217;\u00daS<\/h3><p>L&#8217;objecte de les condicions: El lloc web<br \/>L&#8217;objecte de les presents Condicions Generals d&#8217;\u00das (en endavant, Condicions) \u00e9s regular l&#8217;acc\u00e9s i la utilitzaci\u00f3 del Lloc Web. A l&#8217;efecte de les presents Condicions s&#8217;entendr\u00e0 com a lloc web: l&#8217;aparen\u00e7a externa de les interf\u00edcies de pantalla, tant de forma est\u00e0tica com de forma din\u00e0mica, \u00e9s a dir, l&#8217;arbre de navegaci\u00f3; i tots els elements integrats tant en els interf\u00edcies de pantalla com a l&#8217;arbre de navegaci\u00f3 (en endavant, Continguts) i tots aquells serveis o recursos en l\u00ednia que, si s&#8217;escau ofereixi als Usuaris (en endavant, Serveis).<br \/>lopixel &#8211; Estudi de disseny es reserva la facultat de modificar, en qualsevol moment, i sense av\u00eds previ, la presentaci\u00f3 i configuraci\u00f3 del Lloc Web i dels Continguts i Serveis que en ell poguessin estar incorporats. L&#8217;Usuari reconeix i accepta que en qualsevol moment lopixel &#8211; Estudi de disseny pugui interrompre, desactivar i \/ o cancel\u00b7lar qualsevol d&#8217;aquests elements que s&#8217;integren en el Lloc Web o l&#8217;acc\u00e9s als mateixos.<br \/>L&#8217;acc\u00e9s a la Web per l&#8217;Usuari t\u00e9 car\u00e0cter lliure i, per regla general, \u00e9s gratu\u00eft sense que l&#8217;Usuari hagi de proporcionar una contraprestaci\u00f3 per poder gaudir-ne, excepte pel que fa a el cost de connexi\u00f3 a trav\u00e9s de la xarxa de telecomunicacions subministrada pel prove\u00efdor d&#8217;acc\u00e9s que hagi contractat l&#8217;Usuari.<br \/>La utilitzaci\u00f3 dels Continguts no requereix pr\u00e8via subscripci\u00f3 o registre algun.<br \/>l&#8217;Usuari<br \/>L&#8217;acc\u00e9s, la navegaci\u00f3 i \u00fas del Lloc Web, aix\u00ed com pels espais habilitats per interactuar entre els usuaris, i l&#8217;Usuari i lopixel &#8211; Estudi de disseny, com els comentaris i \/ o espais de blogging, confereix la condici\u00f3 d&#8217;Usuari, per el que s&#8217;accepten, des que s&#8217;inicia la navegaci\u00f3 pel lloc web, totes les Condicions aqu\u00ed establertes, aix\u00ed com les seves ulteriors modificacions, sense perjudici de l&#8217;aplicaci\u00f3 de la corresponent normativa legal d&#8217;obligat compliment segons el cas. Donada la rellev\u00e0ncia de l&#8217;anterior, es recomana a l&#8217;Usuari llegir-les cada vegada que visiti el Lloc Web.<br \/>El lloc web de lopixel &#8211; Estudi de disseny proporciona gran diversitat d&#8217;informaci\u00f3, serveis i dades. L&#8217;Usuari assumeix la seva responsabilitat per fer un \u00fas correcte del Lloc Web. Aquesta responsabilitat s&#8217;estendr\u00e0 a:<\/p><ul><li>Un \u00fas de la informaci\u00f3, Continguts i \/ o Serveis i dades ofertes per lopixel &#8211; Estudi de disseny sense que sigui contrari al que disposa per les presents Condicions, la Llei, la moral o l&#8217;ordre p\u00fablic, o que de qualsevol altre forma pugui suposar lesi\u00f3 dels drets de tercers o de la mateixa funcionament del Lloc Web.<\/li><li>La veracitat i licitud de les informacions aportades per l&#8217;usuari en els formularis facilitats per lopixel &#8211; Estudi de disseny per a l&#8217;acc\u00e9s a certs continguts o serveis oferts pel lloc web. En tot cas, l&#8217;Usuari notificar de forma immediata a lopixel &#8211; Estudi de disseny sobre qualsevol fet que permeti l&#8217;\u00fas indegut de la informaci\u00f3 registrada en aquests formularis, com ara, per\u00f2 no nom\u00e9s, el robatori, p\u00e8rdua, o l&#8217;acc\u00e9s no autoritzat a identificadors i \/ o contrasenyes, per tal de procedir a la seva immediata cancel\u00b7laci\u00f3.<\/li><\/ul><p>lopixel &#8211; Estudi de disseny es reserva el dret de retirar tots aquells comentaris i aportacions que vulnerin la llei, el respecte a la dignitat de la persona, que siguin discriminatoris, xen\u00f2fobs, racistes, pornogr\u00e0fics, spamming, que atemptin contra la joventut o la inf\u00e0ncia , l&#8217;ordre o la seguretat p\u00fablica o que, al seu parer, no resultessin adequats per a la seva publicaci\u00f3.<br \/>En qualsevol cas, lopixel &#8211; Estudi de disseny no ser\u00e0 responsable de les opinions expressades pels Usuaris a trav\u00e9s de comentaris o altres eines de blogging o de participaci\u00f3 que hi pugui haver.<br \/>El fet d&#8217;accedir a aquest Lloc Web no suposa establir cap tipus de relaci\u00f3 de car\u00e0cter comercial entre lopixel &#8211; Estudi de disseny i l&#8217;Usuari.<br \/>Sempre en el respecte de la legislaci\u00f3 vigent, aquest Lloc Web de lopixel &#8211; Estudi de disseny es dirigeix a totes les persones, sense importar la seva edat, que puguin accedir i \/ o navegar per les p\u00e0gines del Lloc Web.<\/p><h3>III. ACC\u00c9S I NAVEGACI\u00d3 AL LLOC WEB: EXCLUSI\u00d3 DE GARANTIES I RESPONSABILITAT<\/h3><p>lopixel &#8211; Estudi de disseny no garanteix la continu\u00eftat, disponibilitat i utilitat del Lloc Web, ni dels Continguts o Serveis. lopixel &#8211; Estudi de disseny far\u00e0 tot el possible pel bon funcionament del Lloc Web, per\u00f2, no es responsabilitza ni garanteix que l&#8217;acc\u00e9s a aquest Lloc Web no fos cas ininterromput o que estigui lliure d&#8217;error.<br \/>Tampoc es responsabilitza o garanteix que el contingut o programari a qu\u00e8 pugui accedir-se a trav\u00e9s d&#8217;aquest lloc web, estigui lliure d&#8217;error o causi un dany a el sistema inform\u00e0tic (programari i maquinari) de l&#8217;Usuari. En cap cas lopixel &#8211; Estudi de disseny ser\u00e0 responsable per les p\u00e8rdues, danys o perjudicis de qualsevol tipus que sorgeixin per l&#8217;acc\u00e9s, navegaci\u00f3 i l&#8217;\u00fas del Lloc Web, incloent, per\u00f2 no limitant-se, als ocasionats als sistemes inform\u00e0tics o els provocats per la introducci\u00f3 de virus.<br \/>lopixel &#8211; Estudi de disseny tampoc es fa responsable dels danys que poguessin ocasionar-se als usuaris per un \u00fas inadequat d&#8217;aquest Lloc Web. En particular, no es fa responsable de cap manera de les caigudes, interrupcions, falta o defecte de les telecomunicacions que poguessin oc\u00f3rrer.<\/p><h3>IV. POL\u00cdTICA D&#8217;ENLLA\u00c7OS<\/h3><p>S&#8217;informa que el lloc web de lopixel &#8211; Estudi de disseny posa o pot posar a disposici\u00f3 dels Usuaris mitjans d&#8217;enlla\u00e7 (com, entre d&#8217;altres, links, banners, botons), directoris i motors de cerca que permeten als Usuaris accedir a llocs web pertanyents i \/ o gestionats per tercers.<br \/>La instal\u00b7laci\u00f3 d&#8217;aquests enlla\u00e7os, directoris i motors de cerca al lloc web t\u00e9 per objecte facilitar als Usuaris la recerca de i acc\u00e9s a la informaci\u00f3 disponible a Internet, sense que es pugui considerar un suggeriment, recomanaci\u00f3 o invitaci\u00f3 per a la visita dels mateixos .<br \/>lopixel &#8211; Estudi de disseny no ofereix ni comercialitza per si ni per mitj\u00e0 de tercers els productes i \/ o serveis disponibles en aquests llocs enlla\u00e7ats.<br \/>Aix\u00ed mateix, tampoc garantir\u00e0 la disponibilitat t\u00e8cnica, exactitud, veracitat, validesa o legalitat de llocs aliens a la seva propietat als quals es pugui accedir per mitj\u00e0 dels enlla\u00e7os.<br \/>lopixel &#8211; Estudi de disseny en cap cas revisar\u00e0 o controlar\u00e0 el contingut d&#8217;altres llocs web, aix\u00ed com tampoc aprova, examina ni fa propis els productes i serveis, continguts, arxius i qualsevol altre material que en els referits llocs enlla\u00e7ats.<br \/>lopixel &#8211; Estudi de disseny no assumeix cap responsabilitat pels danys i perjudicis que es puguin produir per l&#8217;acc\u00e9s, \u00fas, qualitat o licitud dels continguts, comunicacions, opinions, productes i serveis dels llocs web no gestionats per lopixel &#8211; Estudi de disseny i que siguin enlla\u00e7ats en aquest Lloc Web.<br \/>L&#8217;usuari o tercer que realitzi un hipervincle des d&#8217;una p\u00e0gina web d&#8217;un altre, diferent, lloc web a el Lloc Web de lopixel &#8211; Estudi de disseny ha de saber que:<br \/>No es permet la reproducci\u00f3 -total o parcialment- de cap dels Continguts i \/ o Serveis del Lloc Web sense autoritzaci\u00f3 expressa de lopixel &#8211; Estudi de disseny.<br \/>No es permet tampoc cap manifestaci\u00f3 falsa, inexacta o incorrecta sobre el lloc web de lopixel &#8211; Estudi de disseny, ni sobre els Continguts i \/ o Serveis d&#8217;ell mateix.<br \/>A excepci\u00f3 de l&#8217;hipervincle, el lloc web en qu\u00e8 s&#8217;estableixi dit hiperenlla\u00e7 no contindr\u00e0 cap element, d&#8217;aquest Lloc Web, protegit com a propietat intel\u00b7lectual per l&#8217;ordenament jur\u00eddic espanyol, llevat autoritzaci\u00f3 expressa de lopixel &#8211; Estudi de disseny.<br \/>L&#8217;establiment de l&#8217;hipervincle no implicar\u00e0 l&#8217;exist\u00e8ncia de relacions entre lopixel &#8211; Estudi de disseny i el titular de la p\u00e0gina web des del qual es realitzi, ni el coneixement i acceptaci\u00f3 de lopixel &#8211; Estudi de disseny dels continguts, serveis i \/ o activitats oferts a dit lloc web, i viceversa.<\/p><h3>V. PROPIETAT INTEL\u00b7LECTUAL I INDUSTRIAL<\/h3><p>lopixel &#8211; Estudi de disseny per si o com a part cession\u00e0ria, \u00e9s titular de tots els drets de propietat intel\u00b7lectual i industrial del Lloc Web, aix\u00ed com dels elements continguts en el mateix (a t\u00edtol enunciatiu i no exhaustiu, imatges, so, \u00e0udio, v\u00eddeo, programari o textos, marques o logotips, combinacions de colors, estructura i disseny, selecci\u00f3 de materials usats, programes d&#8217;ordinador necessaris per al seu funcionament, acc\u00e9s i \u00fas, etc.). Seran, per tant, obres protegides com a propietat intel\u00b7lectual per l&#8217;ordenament jur\u00eddic espanyol, ser\u00e0 d&#8217;aplicaci\u00f3 tant la normativa espanyola i comunit\u00e0ria en aquest camp, com els tractats internacionals relatius a la mat\u00e8ria i subscrits per Espanya.<br \/>Tots els drets reservats. En virtut del que disposa la Llei de Propietat Intel\u00b7lectual, queden expressament prohibides la reproducci\u00f3, la distribuci\u00f3 i la comunicaci\u00f3 p\u00fablica, inclosa la seva modalitat de posada a disposici\u00f3, de la totalitat o part dels continguts d&#8217;aquesta p\u00e0gina web, amb fins comercials, en qualsevol suport i per qualsevol mitj\u00e0 t\u00e8cnic, sense l&#8217;autoritzaci\u00f3 de lopixel &#8211; Estudi de disseny.<br \/>L&#8217;Usuari es compromet a respectar els drets de propietat intel\u00b7lectual i industrial de lopixel &#8211; Estudi de disseny. Podr\u00e0 visualitzar els elements del Lloc Web o fins i tot imprimir-los, copiar-los i emmagatzemar-los al disc dur del seu ordinador o en qualsevol altre suport f\u00edsic sempre que sigui, exclusivament, per al seu \u00fas personal. L&#8217;Usuari, per\u00f2, no podr\u00e0 suprimir, alterar, o manipular qualsevol dispositiu de protecci\u00f3 o sistema de seguretat que estigu\u00e9s instal\u00b7lat en el Lloc Web.<br \/>En cas que l&#8217;Usuari o tercer consideri que qualsevol dels continguts del Lloc Web suposi una violaci\u00f3 dels drets de protecci\u00f3 de la propietat intel\u00b7lectual, haur\u00e0 de comunicar immediatament a lopixel &#8211; Estudi de disseny a trav\u00e9s de les dades de contacte de l&#8217;apartat d&#8217;INFORMACI\u00d3 GENERAL d&#8217;aquest Av\u00eds Legal i Condicions Generals d&#8217;\u00das.<\/p><h3>VI. ACCIONS LEGALS, LEGISLACI\u00d3 APLICABLE I JURISDICCI\u00d3<\/h3><p>lopixel &#8211; Estudi de disseny es reserva la facultat de presentar les accions civils o penals que consideri necess\u00e0ries per a la utilitzaci\u00f3 indeguda del Lloc Web i Continguts, o per l&#8217;incompliment de les presents Condicions.<br \/>La relaci\u00f3 entre l&#8217;Usuari i lopixel &#8211; Estudi de disseny es regir\u00e0 per la normativa vigent i d&#8217;aplicaci\u00f3 en el territori espanyol. De sorgir qualsevol controv\u00e8rsia en relaci\u00f3 amb la interpretaci\u00f3 i \/ o a l&#8217;aplicaci\u00f3 d&#8217;aquestes Condicions les parts sotmetran els seus conflictes a la jurisdicci\u00f3 ordin\u00e0ria sotmetent-se als jutges i tribunals que corresponguin conforme a dret.<br \/>Aquest document de Av\u00eds Legal i Condicions Generals d&#8217;\u00fas del lloc web ha estat creat mitjan\u00e7ant el generador de plantilla d&#8217;av\u00eds legal i condicions d&#8217;\u00fas en l\u00ednia el dia 2021.08.31.<\/p>\t\t\t\t\t\t\t\t<\/div>\n\t\t\t\t<\/div>\n\t\t\t\t\t<\/div>\n\t\t<\/div>\n\t\t\t\t\t<\/div>\n\t\t<\/section>\n\t\t\t\t<\/div>\n\t\t","protected":false},"excerpt":{"rendered":"<p>AV\u00cdS LEGAL I. INFORMACI\u00d3 GENERAL En compliment amb el deure d&#8217;informaci\u00f3 que disposa la Llei 34\/2002 de Serveis de la Societat de la Informaci\u00f3 i el Comer\u00e7 Electr\u00f2nic (LSSI-CE) de 11 de juliol, es faciliten a continuaci\u00f3 les seg\u00fcents dades d&#8217;informaci\u00f3 general d&#8217;aquest lloc web :La titularitat d&#8217;aquest lloc web, lopixel.com, (en endavant, lloc web) [&hellip;]<\/p>\n","protected":false},"author":1,"featured_media":0,"parent":0,"menu_order":0,"comment_status":"closed","ping_status":"closed","template":"elementor_header_footer","meta":{"site-sidebar-layout":"default","site-content-layout":"default","ast-site-content-layout":"","site-content-style":"default","site-sidebar-style":"default","ast-global-header-display":"","ast-banner-title-visibility":"","ast-main-header-display":"","ast-hfb-above-header-display":"","ast-hfb-below-header-display":"","ast-hfb-mobile-header-display":"","site-post-title":"","ast-breadcrumbs-content":"","ast-featured-img":"","footer-sml-layout":"","theme-transparent-header-meta":"default","adv-header-id-meta":"","stick-header-meta":"","header-above-stick-meta":"","header-main-stick-meta":"","header-below-stick-meta":"","astra-migrate-meta-layouts":"default","ast-page-background-enabled":"default","ast-page-background-meta":{"desktop":{"background-color":"var(--ast-global-color-4)","background-image":"","background-repeat":"repeat","background-position":"center center","background-size":"auto","background-attachment":"scroll","background-type":"","background-media":"","overlay-type":"","overlay-color":"","overlay-opacity":"","overlay-gradient":""},"tablet":{"background-color":"","background-image":"","background-repeat":"repeat","background-position":"center center","background-size":"auto","background-attachment":"scroll","background-type":"","background-media":"","overlay-type":"","overlay-color":"","overlay-opacity":"","overlay-gradient":""},"mobile":{"background-color":"","background-image":"","background-repeat":"repeat","background-position":"center center","background-size":"auto","background-attachment":"scroll","background-type":"","background-media":"","overlay-type":"","overlay-color":"","overlay-opacity":"","overlay-gradient":""}},"ast-content-background-meta":{"desktop":{"background-color":"var(--ast-global-color-5)","background-image":"","background-repeat":"repeat","background-position":"center center","background-size":"auto","background-attachment":"scroll","background-type":"","background-media":"","overlay-type":"","overlay-color":"","overlay-opacity":"","overlay-gradient":""},"tablet":{"background-color":"var(--ast-global-color-5)","background-image":"","background-repeat":"repeat","background-position":"center center","background-size":"auto","background-attachment":"scroll","background-type":"","background-media":"","overlay-type":"","overlay-color":"","overlay-opacity":"","overlay-gradient":""},"mobile":{"background-color":"var(--ast-global-color-5)","background-image":"","background-repeat":"repeat","background-position":"center center","background-size":"auto","background-attachment":"scroll","background-type":"","background-media":"","overlay-type":"","overlay-color":"","overlay-opacity":"","overlay-gradient":""}},"footnotes":""},"class_list":["post-834","page","type-page","status-publish","hentry"],"_links":{"self":[{"href":"https:\/\/lopixel.com\/es\/wp-json\/wp\/v2\/pages\/834","targetHints":{"allow":["GET"]}}],"collection":[{"href":"https:\/\/lopixel.com\/es\/wp-json\/wp\/v2\/pages"}],"about":[{"href":"https:\/\/lopixel.com\/es\/wp-json\/wp\/v2\/types\/page"}],"author":[{"embeddable":true,"href":"https:\/\/lopixel.com\/es\/wp-json\/wp\/v2\/users\/1"}],"replies":[{"embeddable":true,"href":"https:\/\/lopixel.com\/es\/wp-json\/wp\/v2\/comments?post=834"}],"version-history":[{"count":14,"href":"https:\/\/lopixel.com\/es\/wp-json\/wp\/v2\/pages\/834\/revisions"}],"predecessor-version":[{"id":995,"href":"https:\/\/lopixel.com\/es\/wp-json\/wp\/v2\/pages\/834\/revisions\/995"}],"wp:attachment":[{"href":"https:\/\/lopixel.com\/es\/wp-json\/wp\/v2\/media?parent=834"}],"curies":[{"name":"wp","href":"https:\/\/api.w.org\/{rel}","templated":true}]}}