{"id":839,"date":"2021-10-16T07:51:47","date_gmt":"2021-10-16T07:51:47","guid":{"rendered":"https:\/\/lopixel.com\/politica-de-cookies\/"},"modified":"2025-01-30T08:18:32","modified_gmt":"2025-01-30T08:18:32","slug":"politica-de-cookies","status":"publish","type":"page","link":"https:\/\/lopixel.com\/es\/politica-de-cookies\/","title":{"rendered":"Pol\u00edtica de cookies"},"content":{"rendered":"\t\t<div data-elementor-type=\"wp-page\" data-elementor-id=\"839\" class=\"elementor elementor-839 elementor-185\">\n\t\t\t\t\t\t<section class=\"elementor-section elementor-top-section elementor-element elementor-element-8bb3a02 elementor-section-boxed elementor-section-height-default elementor-section-height-default\" data-id=\"8bb3a02\" data-element_type=\"section\">\n\t\t\t\t\t\t<div class=\"elementor-container elementor-column-gap-default\">\n\t\t\t\t\t<div class=\"elementor-column elementor-col-100 elementor-top-column elementor-element elementor-element-77f3a5f\" data-id=\"77f3a5f\" data-element_type=\"column\">\n\t\t\t<div class=\"elementor-widget-wrap elementor-element-populated\">\n\t\t\t\t\t\t<div class=\"elementor-element elementor-element-bc0d310 elementor-widget elementor-widget-spacer\" data-id=\"bc0d310\" data-element_type=\"widget\" data-widget_type=\"spacer.default\">\n\t\t\t\t<div class=\"elementor-widget-container\">\n\t\t\t\t\t\t\t<div class=\"elementor-spacer\">\n\t\t\t<div class=\"elementor-spacer-inner\"><\/div>\n\t\t<\/div>\n\t\t\t\t\t\t<\/div>\n\t\t\t\t<\/div>\n\t\t\t\t<div class=\"elementor-element elementor-element-2bef25e elementor-widget elementor-widget-heading\" data-id=\"2bef25e\" data-element_type=\"widget\" data-widget_type=\"heading.default\">\n\t\t\t\t<div class=\"elementor-widget-container\">\n\t\t\t\t\t<h1 class=\"elementor-heading-title elementor-size-default\">POL\u00cdTICA DE COOKIES<\/h1>\t\t\t\t<\/div>\n\t\t\t\t<\/div>\n\t\t\t\t<div class=\"elementor-element elementor-element-fc70105 elementor-widget elementor-widget-text-editor\" data-id=\"fc70105\" data-element_type=\"widget\" data-widget_type=\"text-editor.default\">\n\t\t\t\t<div class=\"elementor-widget-container\">\n\t\t\t\t\t\t\t\t\t<p><span style=\"vertical-align: inherit;\">El acceso a este sitio web puede implicar la utilizaci\u00f3n de cookies. Las cookies son peque\u00f1as cantidades de informaci\u00f3n que se almacenan en el navegador utilizado por cada usuario -en los diferentes dispositivos que pueda utilizar para navegar- que el servidor recuerde cierta informaci\u00f3n que posteriormente y \u00fanicamente el servidor que la implement\u00f3 leer\u00e1. Las cookies facilitan la navegaci\u00f3n, la hacen m\u00e1s amigable, y no da\u00f1an el dispositivo de navegaci\u00f3n.<\/span><\/p><p><span style=\"vertical-align: inherit;\">Las cookies son procedimientos autom\u00e1ticos de recogida de informaci\u00f3n relativa a las preferencias determinadas por el Usuario durante su visita el Sitio Web para reconocerlo como usuario, y personalizar su experiencia y el uso del Sitio Web, y pueden tambi\u00e9n, por ejemplo, ayudar a identificar y resolver errores.<\/span><\/p><p><span style=\"vertical-align: inherit;\">La informaci\u00f3n recogida a trav\u00e9s de las cookies puede incluir la fecha y hora de visitas a el Sitio Web, las p\u00e1ginas visionadas, el tiempo que ha estado en el Sitio Web y los sitios visitados justo antes y despu\u00e9s de la misma. Sin embargo, ninguna cookie permite que esta misma pueda contactarse con el n\u00famero de tel\u00e9fono del Usuario o con cualquier otro medio de contacto personal. Ninguna cookie puede extraer informaci\u00f3n del disco duro del Usuario o robar informaci\u00f3n personal. La \u00fanica manera de que la informaci\u00f3n privada de Usuario forme parte del archivo Cookie es que el usuario d\u00e9 personalmente esa informaci\u00f3n a servidor.<\/span><\/p><p><span style=\"vertical-align: inherit;\">Las cookies que permiten identificar a una persona se consideran datos personales. Por lo tanto, a las mismas les ser\u00e1 de aplicaci\u00f3n la Pol\u00edtica de Privacidad anteriormente descrita. En este sentido, para la utilizaci\u00f3n de las mismas ser\u00e1 necesario el consentimiento del Usuario. Este consentimiento se comunicar\u00e1, de acuerdo con una elecci\u00f3n aut\u00e9ntica, ofrecido mediante una decisi\u00f3n afirmativa y positiva, antes del tratamiento inicial, removible y documentado.<\/span><\/p><h3><span style=\"vertical-align: inherit;\">Cookies de terceros<\/span><\/h3><p><span style=\"vertical-align: inherit;\">Son galletas utilizadas y gestionadas por entidades externas que proporcionan a Estudio de dise\u00f1o servicios solicitados por este mismo para mejorar el sitio web y la experiencia del usuario al navegar en el Sitio Web. Los principales objetivos para los que se utilizan cookies de terceros son la obtenci\u00f3n de estad\u00edsticas de accesos y analizar la informaci\u00f3n de la navegaci\u00f3n, es decir, c\u00f3mo interact\u00faa el usuario con el Sitio Web.<\/span><br \/><span style=\"vertical-align: inherit;\">La informaci\u00f3n que se obtiene se refiere, por ejemplo, a el n\u00famero de p\u00e1ginas visitadas, el idioma, el lugar al que la direcci\u00f3n IP desde el que accede al Usuario, el n\u00famero de usuarios que acceden, la frecuencia y reincidencia de las visitas, el tiempo de visita, el navegador que usan, el operador o tipo de dipositivo desde el que se realiza la visita. Esta informaci\u00f3n se utiliza para mejorar el Sitio Web, y detectar nuevas necesidades para ofrecer a los Usuarios un Contenido y \/ o servicio de \u00f3ptima calidad. En todo caso, la informaci\u00f3n se recopila de forma an\u00f3nima y se elaboran informes de tendencias del Sitio Web sin identificar usuarios individuales.<\/span><\/p><p><span style=\"vertical-align: inherit;\">Puede obtener m\u00e1s informaci\u00f3n sobre las cookies, la informaci\u00f3n sobre la privacidad, o consultar la descripci\u00f3n del tipo de cookies que utiliza, sus principales caracter\u00edsticas, periodo de expiraci\u00f3n, etc. en el siguiente (s) enlace (s): <\/span><br \/><span style=\"vertical-align: inherit;\">Google Analytics <\/span><br \/><span style=\"vertical-align: inherit;\">La (s) entidad (es) encargada (s) del suministro de cookies podr\u00e1 (n) ceder esta informaci\u00f3n a terceros, siempre que lo exija la ley o sea un tercero el que procese esta informaci\u00f3n para estas entidades.<\/span><\/p><h3><span style=\"vertical-align: inherit;\">Cookies de redes sociales<\/span><\/h3><p><span style=\"vertical-align: inherit;\">Estudio de dise\u00f1o incorpora conectores de redes sociales, que permiten acceder a partir del Sitio Web. Por esta raz\u00f3n, las galletas de redes sociales pueden almacenar en el navegador del Usuario. Los titulares de estas redes sociales disponen de sus propias pol\u00edticas de protecci\u00f3n de datos y de cookies, siendo ellos mismos, en cada caso, responsables de sus propios archivos y de sus propias pr\u00e1cticas de privacidad. El Usuario debe referirse a las mismas para informarse sobre estas cookies y, en su caso, del tratamiento de sus datos personales. \u00danicamente a t\u00edtulo informativo se indican a continuaci\u00f3n los enlaces en los que se pueden consultar estas pol\u00edticas de privacidad y \/ o de galletas:<\/span><\/p><ul><li><span style=\"vertical-align: inherit;\">Facebook: https:\/\/www.facebook.com\/policies\/cookies\/<\/span><\/li><li><span style=\"vertical-align: inherit;\">Gorjeo: https:\/\/twitter.com\/es\/privacy<\/span><\/li><li><span style=\"vertical-align: inherit;\">Instagram: https:\/\/help.instagram.com\/1896641480634370?ref=ig<\/span><\/li><li><span style=\"vertical-align: inherit;\">YouTube: https:\/\/policies.google.com\/privacy?hl=es-419&amp;gl=mx<\/span><\/li><li><span style=\"vertical-align: inherit;\">Pinterest: https:\/\/policy.pinterest.com\/es\/privacy-policy<\/span><\/li><li><span style=\"vertical-align: inherit;\">LinkedIn: https:\/\/www.linkedin.com\/legal\/cookie-policy?trk=hp-cookies<\/span><\/li><\/ul><div>\u00a0<\/div><h3><span style=\"vertical-align: inherit;\">Deshabilitar, rechazar y eliminar cookies<\/span><\/h3><p><span style=\"vertical-align: inherit;\">El usuario puede desactivar, rechazar y eliminar las cookies -total o parcialmente- instaladas en su dispositivo mediante la configuraci\u00f3n de su navegador (entre los que se encuentran, por ejemplo, Chrome, Firefox, Safari, Explorer). En este sentido, los procedimientos para rechazar y eliminar las cookies pueden diferir de un navegador de Internet a otro. En consecuencia, el Usuario debe ir a las instrucciones facilitadas por el propio navegador de Internet que utilice. En caso de que rechace el uso de cookies -total o parcialmente- podr\u00e1 seguir utilizando el Sitio Web, si bien podr\u00e1 tener limitada la utilizaci\u00f3n de algunas de las prestaciones de la misma. <\/span><br \/><span style=\"vertical-align: inherit;\">Este documento de Pol\u00edtica de Cookies ha sido creado mediante el generador de plantilla de pol\u00edtica de cookies en l\u00ednea el d\u00eda 31.08.2021.<\/span><\/p>\t\t\t\t\t\t\t\t<\/div>\n\t\t\t\t<\/div>\n\t\t\t\t\t<\/div>\n\t\t<\/div>\n\t\t\t\t\t<\/div>\n\t\t<\/section>\n\t\t\t\t<\/div>\n\t\t","protected":false},"excerpt":{"rendered":"<p>POL\u00cdTICA DE COOKIES El acceso a este sitio web puede implicar la utilizaci\u00f3n de cookies. Las cookies son peque\u00f1as cantidades de informaci\u00f3n que se almacenan en el navegador utilizado por cada usuario -en los diferentes dispositivos que pueda utilizar para navegar- que el servidor recuerde cierta informaci\u00f3n que posteriormente y \u00fanicamente el servidor que la [&hellip;]<\/p>\n","protected":false},"author":1,"featured_media":0,"parent":0,"menu_order":0,"comment_status":"closed","ping_status":"closed","template":"elementor_header_footer","meta":{"site-sidebar-layout":"default","site-content-layout":"default","ast-site-content-layout":"","site-content-style":"default","site-sidebar-style":"default","ast-global-header-display":"","ast-banner-title-visibility":"","ast-main-header-display":"","ast-hfb-above-header-display":"","ast-hfb-below-header-display":"","ast-hfb-mobile-header-display":"","site-post-title":"","ast-breadcrumbs-content":"","ast-featured-img":"","footer-sml-layout":"","theme-transparent-header-meta":"default","adv-header-id-meta":"","stick-header-meta":"","header-above-stick-meta":"","header-main-stick-meta":"","header-below-stick-meta":"","astra-migrate-meta-layouts":"default","ast-page-background-enabled":"default","ast-page-background-meta":{"desktop":{"background-color":"var(--ast-global-color-4)","background-image":"","background-repeat":"repeat","background-position":"center center","background-size":"auto","background-attachment":"scroll","background-type":"","background-media":"","overlay-type":"","overlay-color":"","overlay-opacity":"","overlay-gradient":""},"tablet":{"background-color":"","background-image":"","background-repeat":"repeat","background-position":"center center","background-size":"auto","background-attachment":"scroll","background-type":"","background-media":"","overlay-type":"","overlay-color":"","overlay-opacity":"","overlay-gradient":""},"mobile":{"background-color":"","background-image":"","background-repeat":"repeat","background-position":"center center","background-size":"auto","background-attachment":"scroll","background-type":"","background-media":"","overlay-type":"","overlay-color":"","overlay-opacity":"","overlay-gradient":""}},"ast-content-background-meta":{"desktop":{"background-color":"var(--ast-global-color-5)","background-image":"","background-repeat":"repeat","background-position":"center center","background-size":"auto","background-attachment":"scroll","background-type":"","background-media":"","overlay-type":"","overlay-color":"","overlay-opacity":"","overlay-gradient":""},"tablet":{"background-color":"var(--ast-global-color-5)","background-image":"","background-repeat":"repeat","background-position":"center center","background-size":"auto","background-attachment":"scroll","background-type":"","background-media":"","overlay-type":"","overlay-color":"","overlay-opacity":"","overlay-gradient":""},"mobile":{"background-color":"var(--ast-global-color-5)","background-image":"","background-repeat":"repeat","background-position":"center center","background-size":"auto","background-attachment":"scroll","background-type":"","background-media":"","overlay-type":"","overlay-color":"","overlay-opacity":"","overlay-gradient":""}},"footnotes":""},"class_list":["post-839","page","type-page","status-publish","hentry"],"_links":{"self":[{"href":"https:\/\/lopixel.com\/es\/wp-json\/wp\/v2\/pages\/839","targetHints":{"allow":["GET"]}}],"collection":[{"href":"https:\/\/lopixel.com\/es\/wp-json\/wp\/v2\/pages"}],"about":[{"href":"https:\/\/lopixel.com\/es\/wp-json\/wp\/v2\/types\/page"}],"author":[{"embeddable":true,"href":"https:\/\/lopixel.com\/es\/wp-json\/wp\/v2\/users\/1"}],"replies":[{"embeddable":true,"href":"https:\/\/lopixel.com\/es\/wp-json\/wp\/v2\/comments?post=839"}],"version-history":[{"count":10,"href":"https:\/\/lopixel.com\/es\/wp-json\/wp\/v2\/pages\/839\/revisions"}],"predecessor-version":[{"id":1001,"href":"https:\/\/lopixel.com\/es\/wp-json\/wp\/v2\/pages\/839\/revisions\/1001"}],"wp:attachment":[{"href":"https:\/\/lopixel.com\/es\/wp-json\/wp\/v2\/media?parent=839"}],"curies":[{"name":"wp","href":"https:\/\/api.w.org\/{rel}","templated":true}]}}